{"id":8072,"date":"2021-06-17T17:49:35","date_gmt":"2021-06-17T15:49:35","guid":{"rendered":"https:\/\/sex-treffen.com\/parkplatz\/?page_id=8072"},"modified":"2026-04-16T15:02:57","modified_gmt":"2026-04-16T13:02:57","slug":"autobahn","status":"publish","type":"page","link":"https:\/\/sex-treffen.com\/parkplatz\/autobahn\/","title":{"rendered":"Sex an einer Autobahn finden"},"content":{"rendered":"\n<p>An diesen Autobahnen kannst du Parkplatzsex finden. W\u00e4hle dazu eine Autobahn in deiner N\u00e4he aus und treffe dich dort auf einem Rastplatz.<\/p>\n\n\n\n<div class=\"wp-block-columns is-layout-flex wp-container-core-columns-is-layout-9d6595d7 wp-block-columns-is-layout-flex\">\n<div class=\"wp-block-column is-layout-flow wp-block-column-is-layout-flow\" style=\"flex-basis:100%\">\n<div class=\"wp-block-columns is-layout-flex wp-container-core-columns-is-layout-9d6595d7 wp-block-columns-is-layout-flex\">\n<div class=\"wp-block-column is-layout-flow wp-block-column-is-layout-flow\" style=\"flex-basis:100%\">\n<div class=\"wp-block-group\"><div class=\"wp-block-group__inner-container is-layout-flow wp-block-group-is-layout-flow\">\n<div class=\"wp-block-columns is-layout-flex wp-container-core-columns-is-layout-9d6595d7 wp-block-columns-is-layout-flex\">\n<div class=\"wp-block-column is-layout-flow wp-block-column-is-layout-flow\">\n<p><ul class=\"wp-block-categories-list wp-block-categories\"> <li class=\"cat-item cat-item-14\"><a href=\"https:\/\/sex-treffen.com\/parkplatz\/a1\/\">A1<\/a> (31)\n<\/li>\n<li class=\"cat-item cat-item-57\"><a href=\"https:\/\/sex-treffen.com\/parkplatz\/a10\/\">A10<\/a> (10)\n<\/li>\n<li class=\"cat-item cat-item-37\"><a href=\"https:\/\/sex-treffen.com\/parkplatz\/a100\/\">A100<\/a> (7)\n<\/li>\n<li class=\"cat-item cat-item-123\"><a href=\"https:\/\/sex-treffen.com\/parkplatz\/a11\/\">A11<\/a> (5)\n<\/li>\n<li class=\"cat-item cat-item-162\"><a href=\"https:\/\/sex-treffen.com\/parkplatz\/a111\/\">A111<\/a> (5)\n<\/li>\n<li class=\"cat-item cat-item-157\"><a href=\"https:\/\/sex-treffen.com\/parkplatz\/a113\/\">A113<\/a> (5)\n<\/li>\n<li class=\"cat-item cat-item-113\"><a href=\"https:\/\/sex-treffen.com\/parkplatz\/a115\/\">A115<\/a> (5)\n<\/li>\n<li class=\"cat-item cat-item-148\"><a href=\"https:\/\/sex-treffen.com\/parkplatz\/a12\/\">A12<\/a> (5)\n<\/li>\n<li class=\"cat-item cat-item-71\"><a href=\"https:\/\/sex-treffen.com\/parkplatz\/a13\/\">A13<\/a> (7)\n<\/li>\n<li class=\"cat-item cat-item-77\"><a href=\"https:\/\/sex-treffen.com\/parkplatz\/a14\/\">A14<\/a> (20)\n<\/li>\n<li class=\"cat-item cat-item-144\"><a href=\"https:\/\/sex-treffen.com\/parkplatz\/a15\/\">A15<\/a> (5)\n<\/li>\n<li class=\"cat-item cat-item-166\"><a href=\"https:\/\/sex-treffen.com\/parkplatz\/a17\/\">A17<\/a> (5)\n<\/li>\n<li class=\"cat-item cat-item-67\"><a href=\"https:\/\/sex-treffen.com\/parkplatz\/a19\/\">A19<\/a> (10)\n<\/li>\n<li class=\"cat-item cat-item-20\"><a href=\"https:\/\/sex-treffen.com\/parkplatz\/a2\/\">A2<\/a> (17)\n<\/li>\n<li class=\"cat-item cat-item-68\"><a href=\"https:\/\/sex-treffen.com\/parkplatz\/a20\/\">A20<\/a> (13)\n<\/li>\n<li class=\"cat-item cat-item-108\"><a href=\"https:\/\/sex-treffen.com\/parkplatz\/a21\/\">A21<\/a> (5)\n<\/li>\n<li class=\"cat-item cat-item-137\"><a href=\"https:\/\/sex-treffen.com\/parkplatz\/a210\/\">A210<\/a> (3)\n<\/li>\n<li class=\"cat-item cat-item-133\"><a href=\"https:\/\/sex-treffen.com\/parkplatz\/a215\/\">A215<\/a> (4)\n<\/li>\n<li class=\"cat-item cat-item-52\"><a href=\"https:\/\/sex-treffen.com\/parkplatz\/a23\/\">A23<\/a> (7)\n<\/li>\n<li class=\"cat-item cat-item-83\"><a href=\"https:\/\/sex-treffen.com\/parkplatz\/a24\/\">A24<\/a> (10)\n<\/li>\n<li class=\"cat-item cat-item-138\"><a href=\"https:\/\/sex-treffen.com\/parkplatz\/a25\/\">A25<\/a> (6)\n<\/li>\n<li class=\"cat-item cat-item-124\"><a href=\"https:\/\/sex-treffen.com\/parkplatz\/a27\/\">A27<\/a> (7)\n<\/li>\n<li class=\"cat-item cat-item-78\"><a href=\"https:\/\/sex-treffen.com\/parkplatz\/a28\/\">A28<\/a> (5)\n<\/li>\n<li class=\"cat-item cat-item-142\"><a href=\"https:\/\/sex-treffen.com\/parkplatz\/a280\/\">A280<\/a> (2)\n<\/li>\n<li class=\"cat-item cat-item-146\"><a href=\"https:\/\/sex-treffen.com\/parkplatz\/a29\/\">A29<\/a> (4)\n<\/li>\n<li class=\"cat-item cat-item-46\"><a href=\"https:\/\/sex-treffen.com\/parkplatz\/a3\/\">A3<\/a> (19)\n<\/li>\n<li class=\"cat-item cat-item-160\"><a href=\"https:\/\/sex-treffen.com\/parkplatz\/a30\/\">A30<\/a> (5)\n<\/li><\/ul><\/p>\n<\/div>\n\n\n\n<div class=\"wp-block-column is-layout-flow wp-block-column-is-layout-flow\">\n<p><ul class=\"wp-block-categories-list wp-block-categories\"><li class=\"cat-item cat-item-143\"><a href=\"https:\/\/sex-treffen.com\/parkplatz\/a31\/\">A31<\/a> (7)\n<\/li>\n<li class=\"cat-item cat-item-75\"><a href=\"https:\/\/sex-treffen.com\/parkplatz\/a33\/\">A33<\/a> (7)\n<\/li>\n<li class=\"cat-item cat-item-163\"><a href=\"https:\/\/sex-treffen.com\/parkplatz\/a36\/\">A36<\/a> (6)\n<\/li>\n<li class=\"cat-item cat-item-158\"><a href=\"https:\/\/sex-treffen.com\/parkplatz\/a37\/\">A37<\/a> (4)\n<\/li>\n<li class=\"cat-item cat-item-92\"><a href=\"https:\/\/sex-treffen.com\/parkplatz\/a38\/\">A38<\/a> (14)\n<\/li>\n<li class=\"cat-item cat-item-134\"><a href=\"https:\/\/sex-treffen.com\/parkplatz\/a39\/\">A39<\/a> (6)\n<\/li>\n<li class=\"cat-item cat-item-4\"><a href=\"https:\/\/sex-treffen.com\/parkplatz\/a4\/\">A4<\/a> (29)\n<\/li>\n<li class=\"cat-item cat-item-105\"><a href=\"https:\/\/sex-treffen.com\/parkplatz\/a40\/\">A40<\/a> (7)\n<\/li>\n<li class=\"cat-item cat-item-154\"><a href=\"https:\/\/sex-treffen.com\/parkplatz\/a42\/\">A42<\/a> (5)\n<\/li>\n<li class=\"cat-item cat-item-141\"><a href=\"https:\/\/sex-treffen.com\/parkplatz\/a43\/\">A43<\/a> (5)\n<\/li>\n<li class=\"cat-item cat-item-118\"><a href=\"https:\/\/sex-treffen.com\/parkplatz\/a44\/\">A44<\/a> (12)\n<\/li>\n<li class=\"cat-item cat-item-116\"><a href=\"https:\/\/sex-treffen.com\/parkplatz\/a45\/\">A45<\/a> (9)\n<\/li>\n<li class=\"cat-item cat-item-82\"><a href=\"https:\/\/sex-treffen.com\/parkplatz\/a46\/\">A46<\/a> (7)\n<\/li>\n<li class=\"cat-item cat-item-114\"><a href=\"https:\/\/sex-treffen.com\/parkplatz\/a48\/\">A48<\/a> (5)\n<\/li>\n<li class=\"cat-item cat-item-117\"><a href=\"https:\/\/sex-treffen.com\/parkplatz\/a485\/\">A485<\/a> (3)\n<\/li>\n<li class=\"cat-item cat-item-169\"><a href=\"https:\/\/sex-treffen.com\/parkplatz\/a49\/\">A49<\/a> (6)\n<\/li>\n<li class=\"cat-item cat-item-104\"><a href=\"https:\/\/sex-treffen.com\/parkplatz\/a5\/\">A5<\/a> (18)\n<\/li>\n<li class=\"cat-item cat-item-119\"><a href=\"https:\/\/sex-treffen.com\/parkplatz\/a52\/\">A52<\/a> (5)\n<\/li>\n<li class=\"cat-item cat-item-106\"><a href=\"https:\/\/sex-treffen.com\/parkplatz\/a57\/\">A57<\/a> (5)\n<\/li>\n<li class=\"cat-item cat-item-135\"><a href=\"https:\/\/sex-treffen.com\/parkplatz\/a571\/\">A571<\/a> (2)\n<\/li>\n<li class=\"cat-item cat-item-153\"><a href=\"https:\/\/sex-treffen.com\/parkplatz\/a59\/\">A59<\/a> (4)\n<\/li>\n<li class=\"cat-item cat-item-26\"><a href=\"https:\/\/sex-treffen.com\/parkplatz\/a6\/\">A6<\/a> (22)\n<\/li>\n<li class=\"cat-item cat-item-159\"><a href=\"https:\/\/sex-treffen.com\/parkplatz\/a60\/\">A60<\/a> (4)\n<\/li>\n<li class=\"cat-item cat-item-145\"><a href=\"https:\/\/sex-treffen.com\/parkplatz\/a602\/\">A602<\/a> (3)\n<\/li>\n<li class=\"cat-item cat-item-125\"><a href=\"https:\/\/sex-treffen.com\/parkplatz\/a61\/\">A61<\/a> (12)\n<\/li>\n<li class=\"cat-item cat-item-15\"><a href=\"https:\/\/sex-treffen.com\/parkplatz\/a62\/\">A62<\/a> (5)\n<\/li>\n<li class=\"cat-item cat-item-122\"><a href=\"https:\/\/sex-treffen.com\/parkplatz\/a620\/\">A620<\/a> (3)\n<\/li><\/ul><\/p>\n<\/div>\n\n\n\n<div class=\"wp-block-column is-layout-flow wp-block-column-is-layout-flow\">\n<p><ul class=\"wp-block-categories-list wp-block-categories\"><li class=\"cat-item cat-item-96\"><a href=\"https:\/\/sex-treffen.com\/parkplatz\/a623\/\">A623<\/a> (3)\n<\/li>\n<li class=\"cat-item cat-item-126\"><a href=\"https:\/\/sex-treffen.com\/parkplatz\/a63\/\">A63<\/a> (4)\n<\/li>\n<li class=\"cat-item cat-item-167\"><a href=\"https:\/\/sex-treffen.com\/parkplatz\/a643\/\">A643<\/a> (2)\n<\/li>\n<li class=\"cat-item cat-item-110\"><a href=\"https:\/\/sex-treffen.com\/parkplatz\/a648\/\">A648<\/a> (2)\n<\/li>\n<li class=\"cat-item cat-item-139\"><a href=\"https:\/\/sex-treffen.com\/parkplatz\/a65\/\">A65<\/a> (4)\n<\/li>\n<li class=\"cat-item cat-item-86\"><a href=\"https:\/\/sex-treffen.com\/parkplatz\/a656\/\">A656<\/a> (2)\n<\/li>\n<li class=\"cat-item cat-item-27\"><a href=\"https:\/\/sex-treffen.com\/parkplatz\/a659\/\">A659<\/a> (3)\n<\/li>\n<li class=\"cat-item cat-item-98\"><a href=\"https:\/\/sex-treffen.com\/parkplatz\/a66\/\">A66<\/a> (8)\n<\/li>\n<li class=\"cat-item cat-item-165\"><a href=\"https:\/\/sex-treffen.com\/parkplatz\/a661\/\">A661<\/a> (2)\n<\/li>\n<li class=\"cat-item cat-item-164\"><a href=\"https:\/\/sex-treffen.com\/parkplatz\/a67\/\">A67<\/a> (5)\n<\/li>\n<li class=\"cat-item cat-item-161\"><a href=\"https:\/\/sex-treffen.com\/parkplatz\/a671\/\">A671<\/a> (2)\n<\/li>\n<li class=\"cat-item cat-item-51\"><a href=\"https:\/\/sex-treffen.com\/parkplatz\/a7\/\">A7<\/a> (34)\n<\/li>\n<li class=\"cat-item cat-item-89\"><a href=\"https:\/\/sex-treffen.com\/parkplatz\/a70\/\">A70<\/a> (5)\n<\/li>\n<li class=\"cat-item cat-item-93\"><a href=\"https:\/\/sex-treffen.com\/parkplatz\/a71\/\">A71<\/a> (10)\n<\/li>\n<li class=\"cat-item cat-item-129\"><a href=\"https:\/\/sex-treffen.com\/parkplatz\/a72\/\">A72<\/a> (6)\n<\/li>\n<li class=\"cat-item cat-item-109\"><a href=\"https:\/\/sex-treffen.com\/parkplatz\/a73\/\">A73<\/a> (7)\n<\/li>\n<li class=\"cat-item cat-item-95\"><a href=\"https:\/\/sex-treffen.com\/parkplatz\/a8\/\">A8<\/a> (22)\n<\/li>\n<li class=\"cat-item cat-item-120\"><a href=\"https:\/\/sex-treffen.com\/parkplatz\/a81\/\">A81<\/a> (10)\n<\/li>\n<li class=\"cat-item cat-item-121\"><a href=\"https:\/\/sex-treffen.com\/parkplatz\/a864\/\">A864<\/a> (3)\n<\/li>\n<li class=\"cat-item cat-item-5\"><a href=\"https:\/\/sex-treffen.com\/parkplatz\/a9\/\">A9<\/a> (15)\n<\/li>\n<li class=\"cat-item cat-item-54\"><a href=\"https:\/\/sex-treffen.com\/parkplatz\/a92\/\">A92<\/a> (4)\n<\/li>\n<li class=\"cat-item cat-item-102\"><a href=\"https:\/\/sex-treffen.com\/parkplatz\/a93\/\">A93<\/a> (9)\n<\/li>\n<li class=\"cat-item cat-item-155\"><a href=\"https:\/\/sex-treffen.com\/parkplatz\/a95\/\">A95<\/a> (4)\n<\/li>\n<li class=\"cat-item cat-item-140\"><a href=\"https:\/\/sex-treffen.com\/parkplatz\/a96\/\">A96<\/a> (6)\n<\/li>\n<li class=\"cat-item cat-item-136\"><a href=\"https:\/\/sex-treffen.com\/parkplatz\/a98\/\">A98<\/a> (5)\n<\/li>\n<\/ul><\/p>\n<\/div>\n<\/div>\n<\/div><\/div>\n<\/div>\n<\/div>\n<\/div>\n<\/div>\n","protected":false},"excerpt":{"rendered":"<p>An diesen Autobahnen kannst du Parkplatzsex finden. W\u00e4hle dazu eine Autobahn in deiner N\u00e4he aus und treffe dich dort auf einem Rastplatz. A1 (31) A10 (10) A100 (7) A11 (5) A111 (5) A113 (5) A115 (5) A12 (5) A13 (7) A14 (20) A15 (5) A17 (5) A19 (10) A2 (17) A20 (13) A21 (5) A210&hellip;&nbsp;<\/p>\n<div class=\"read-more-wrapper\"><a href=\"https:\/\/sex-treffen.com\/parkplatz\/autobahn\/\" class=\"button button-primary\" rel=\"bookmark\">weiterlesen<span class=\"screen-reader-text\">Sex an einer Autobahn finden<\/span><\/a><\/div>\n","protected":false},"author":1,"featured_media":0,"parent":0,"menu_order":0,"comment_status":"closed","ping_status":"closed","template":"","meta":{"neve_meta_sidebar":"","neve_meta_container":"","neve_meta_enable_content_width":"","neve_meta_content_width":0,"neve_meta_title_alignment":"","neve_meta_author_avatar":"","neve_post_elements_order":"","neve_meta_disable_header":"","neve_meta_disable_footer":"","neve_meta_disable_title":"","neve_meta_reading_time":"","jetpack_post_was_ever_published":false,"footnotes":""},"class_list":["post-8072","page","type-page","status-publish","hentry"],"yoast_head":"<!-- This site is optimized with the Yoast SEO plugin v26.8 - https:\/\/yoast.com\/product\/yoast-seo-wordpress\/ -->\n<title>Parkplatzsex an einer Autobahn in deiner N\u00e4he finden<\/title>\n<meta name=\"description\" content=\"Finde Parkplatzsex an einer Autobahn in deiner N\u00e4he. W\u00e4hle aus den Autobahnen aus, an denen du dich Outdoor zum Sex auf einem Rastplatz treffen willst.\" \/>\n<meta name=\"robots\" content=\"index, follow, max-snippet:-1, max-image-preview:large, max-video-preview:-1\" \/>\n<link rel=\"canonical\" href=\"https:\/\/sex-treffen.com\/parkplatz\/autobahn\/\" \/>\n<meta property=\"og:locale\" content=\"de_DE\" \/>\n<meta property=\"og:type\" content=\"article\" \/>\n<meta property=\"og:title\" content=\"Parkplatzsex an einer Autobahn in deiner N\u00e4he finden\" \/>\n<meta property=\"og:description\" content=\"Finde Parkplatzsex an einer Autobahn in deiner N\u00e4he. W\u00e4hle aus den Autobahnen aus, an denen du dich Outdoor zum Sex auf einem Rastplatz treffen willst.\" \/>\n<meta property=\"og:url\" content=\"https:\/\/sex-treffen.com\/parkplatz\/autobahn\/\" \/>\n<meta property=\"og:site_name\" content=\"Parkplatzsex\" \/>\n<meta property=\"article:modified_time\" content=\"2026-04-16T13:02:57+00:00\" \/>\n<meta name=\"twitter:card\" content=\"summary_large_image\" \/>\n<meta name=\"twitter:label1\" content=\"Gesch\u00e4tzte Lesezeit\" \/>\n\t<meta name=\"twitter:data1\" content=\"2\u00a0Minuten\" \/>\n<script type=\"application\/ld+json\" class=\"yoast-schema-graph\">{\"@context\":\"https:\/\/schema.org\",\"@graph\":[{\"@type\":\"WebPage\",\"@id\":\"https:\/\/sex-treffen.com\/parkplatz\/autobahn\/\",\"url\":\"https:\/\/sex-treffen.com\/parkplatz\/autobahn\/\",\"name\":\"Parkplatzsex an einer Autobahn in deiner N\u00e4he finden\",\"isPartOf\":{\"@id\":\"https:\/\/sex-treffen.com\/parkplatz\/#website\"},\"datePublished\":\"2021-06-17T15:49:35+00:00\",\"dateModified\":\"2026-04-16T13:02:57+00:00\",\"description\":\"Finde Parkplatzsex an einer Autobahn in deiner N\u00e4he. W\u00e4hle aus den Autobahnen aus, an denen du dich Outdoor zum Sex auf einem Rastplatz treffen willst.\",\"breadcrumb\":{\"@id\":\"https:\/\/sex-treffen.com\/parkplatz\/autobahn\/#breadcrumb\"},\"inLanguage\":\"de\",\"potentialAction\":[{\"@type\":\"ReadAction\",\"target\":[\"https:\/\/sex-treffen.com\/parkplatz\/autobahn\/\"]}]},{\"@type\":\"BreadcrumbList\",\"@id\":\"https:\/\/sex-treffen.com\/parkplatz\/autobahn\/#breadcrumb\",\"itemListElement\":[{\"@type\":\"ListItem\",\"position\":1,\"name\":\"Parkplatzsex\",\"item\":\"https:\/\/sex-treffen.com\/parkplatz\/\"},{\"@type\":\"ListItem\",\"position\":2,\"name\":\"Sex an einer Autobahn finden\"}]},{\"@type\":\"WebSite\",\"@id\":\"https:\/\/sex-treffen.com\/parkplatz\/#website\",\"url\":\"https:\/\/sex-treffen.com\/parkplatz\/\",\"name\":\"Parkplatzsex\",\"description\":\"Schnelle Rastplatz Treffen und Outdoorsex mit geilen Frauen\",\"potentialAction\":[{\"@type\":\"SearchAction\",\"target\":{\"@type\":\"EntryPoint\",\"urlTemplate\":\"https:\/\/sex-treffen.com\/parkplatz\/?s={search_term_string}\"},\"query-input\":{\"@type\":\"PropertyValueSpecification\",\"valueRequired\":true,\"valueName\":\"search_term_string\"}}],\"inLanguage\":\"de\"}]}<\/script>\n<!-- \/ Yoast SEO plugin. -->","yoast_head_json":{"title":"Parkplatzsex an einer Autobahn in deiner N\u00e4he finden","description":"Finde Parkplatzsex an einer Autobahn in deiner N\u00e4he. W\u00e4hle aus den Autobahnen aus, an denen du dich Outdoor zum Sex auf einem Rastplatz treffen willst.","robots":{"index":"index","follow":"follow","max-snippet":"max-snippet:-1","max-image-preview":"max-image-preview:large","max-video-preview":"max-video-preview:-1"},"canonical":"https:\/\/sex-treffen.com\/parkplatz\/autobahn\/","og_locale":"de_DE","og_type":"article","og_title":"Parkplatzsex an einer Autobahn in deiner N\u00e4he finden","og_description":"Finde Parkplatzsex an einer Autobahn in deiner N\u00e4he. W\u00e4hle aus den Autobahnen aus, an denen du dich Outdoor zum Sex auf einem Rastplatz treffen willst.","og_url":"https:\/\/sex-treffen.com\/parkplatz\/autobahn\/","og_site_name":"Parkplatzsex","article_modified_time":"2026-04-16T13:02:57+00:00","twitter_card":"summary_large_image","twitter_misc":{"Gesch\u00e4tzte Lesezeit":"2\u00a0Minuten"},"schema":{"@context":"https:\/\/schema.org","@graph":[{"@type":"WebPage","@id":"https:\/\/sex-treffen.com\/parkplatz\/autobahn\/","url":"https:\/\/sex-treffen.com\/parkplatz\/autobahn\/","name":"Parkplatzsex an einer Autobahn in deiner N\u00e4he finden","isPartOf":{"@id":"https:\/\/sex-treffen.com\/parkplatz\/#website"},"datePublished":"2021-06-17T15:49:35+00:00","dateModified":"2026-04-16T13:02:57+00:00","description":"Finde Parkplatzsex an einer Autobahn in deiner N\u00e4he. W\u00e4hle aus den Autobahnen aus, an denen du dich Outdoor zum Sex auf einem Rastplatz treffen willst.","breadcrumb":{"@id":"https:\/\/sex-treffen.com\/parkplatz\/autobahn\/#breadcrumb"},"inLanguage":"de","potentialAction":[{"@type":"ReadAction","target":["https:\/\/sex-treffen.com\/parkplatz\/autobahn\/"]}]},{"@type":"BreadcrumbList","@id":"https:\/\/sex-treffen.com\/parkplatz\/autobahn\/#breadcrumb","itemListElement":[{"@type":"ListItem","position":1,"name":"Parkplatzsex","item":"https:\/\/sex-treffen.com\/parkplatz\/"},{"@type":"ListItem","position":2,"name":"Sex an einer Autobahn finden"}]},{"@type":"WebSite","@id":"https:\/\/sex-treffen.com\/parkplatz\/#website","url":"https:\/\/sex-treffen.com\/parkplatz\/","name":"Parkplatzsex","description":"Schnelle Rastplatz Treffen und Outdoorsex mit geilen Frauen","potentialAction":[{"@type":"SearchAction","target":{"@type":"EntryPoint","urlTemplate":"https:\/\/sex-treffen.com\/parkplatz\/?s={search_term_string}"},"query-input":{"@type":"PropertyValueSpecification","valueRequired":true,"valueName":"search_term_string"}}],"inLanguage":"de"}]}},"jetpack_shortlink":"https:\/\/wp.me\/P5mK5A-26c","jetpack_sharing_enabled":false,"_links":{"self":[{"href":"https:\/\/sex-treffen.com\/parkplatz\/wp-json\/wp\/v2\/pages\/8072","targetHints":{"allow":["GET"]}}],"collection":[{"href":"https:\/\/sex-treffen.com\/parkplatz\/wp-json\/wp\/v2\/pages"}],"about":[{"href":"https:\/\/sex-treffen.com\/parkplatz\/wp-json\/wp\/v2\/types\/page"}],"author":[{"embeddable":true,"href":"https:\/\/sex-treffen.com\/parkplatz\/wp-json\/wp\/v2\/users\/1"}],"replies":[{"embeddable":true,"href":"https:\/\/sex-treffen.com\/parkplatz\/wp-json\/wp\/v2\/comments?post=8072"}],"version-history":[{"count":3,"href":"https:\/\/sex-treffen.com\/parkplatz\/wp-json\/wp\/v2\/pages\/8072\/revisions"}],"predecessor-version":[{"id":18293,"href":"https:\/\/sex-treffen.com\/parkplatz\/wp-json\/wp\/v2\/pages\/8072\/revisions\/18293"}],"wp:attachment":[{"href":"https:\/\/sex-treffen.com\/parkplatz\/wp-json\/wp\/v2\/media?parent=8072"}],"curies":[{"name":"wp","href":"https:\/\/api.w.org\/{rel}","templated":true}]}}