{"id":6765,"date":"2021-08-03T21:23:09","date_gmt":"2021-08-03T19:23:09","guid":{"rendered":"https:\/\/sex-treffen.com\/hausfrauen\/?page_id=6765"},"modified":"2024-04-21T12:31:54","modified_gmt":"2024-04-21T10:31:54","slug":"nach-alter","status":"publish","type":"page","link":"https:\/\/sex-treffen.com\/hausfrauen\/nach-alter\/","title":{"rendered":"Geile Hausfrauen nach Alter"},"content":{"rendered":"\n<p>Finde geile Hausfrauen nach Alter von jung bis alt. Private Sexkontakte zu jungen M\u00fcttern oder zu reifen Weibern und alten Omas mit Tagesfreizeit. Sehe dir Inserate in der Altersgruppe oder nach der Eigenschaft an, die du bevorzugst.<\/p>\n\n\n\n<div class=\"wp-block-columns is-layout-flex wp-container-core-columns-is-layout-9d6595d7 wp-block-columns-is-layout-flex\">\n<div class=\"wp-block-column is-layout-flow wp-block-column-is-layout-flow\">\n<ul class=\"wp-block-list\">\n<li><a href=\"https:\/\/sex-treffen.com\/hausfrauen\/alte\/\">Alte Hausfrauen<\/a><\/li>\n\n\n\n<li><a href=\"https:\/\/sex-treffen.com\/hausfrauen\/junge\/\">Junge M\u00fctter<\/a><\/li>\n\n\n\n<li><a href=\"https:\/\/sex-treffen.com\/hausfrauen\/reife\/\">Reife Hausfrauen<\/a><\/li>\n<\/ul>\n<\/div>\n\n\n\n<div class=\"wp-block-column is-layout-flow wp-block-column-is-layout-flow\">\n<ul class=\"wp-block-list\">\n<li><a href=\"https:\/\/sex-treffen.com\/hausfrauen\/besuchbare\/\">Besuchbare Hausfrauen<\/a><\/li>\n\n\n\n<li><a href=\"https:\/\/sex-treffen.com\/hausfrauen\/mobile\/\">Mobile Hausfrauen<\/a><\/li>\n\n\n\n<li><a href=\"https:\/\/sex-treffen.com\/hausfrauen\/tagesfreizeit\/\">Weiber mit Tagesfreizeit<\/a><\/li>\n<\/ul>\n<\/div>\n<\/div>\n\n\n\n<div class=\"wp-block-columns is-layout-flex wp-container-core-columns-is-layout-9d6595d7 wp-block-columns-is-layout-flex\">\n<div class=\"wp-block-column is-layout-flow wp-block-column-is-layout-flow\">\n<ul class=\"wp-block-list\">\n<li><a href=\"https:\/\/sex-treffen.com\/hausfrauen\/alleinerziehende\/\">Alleinerziehende M\u00fctter<\/a><\/li>\n\n\n\n<li><a href=\"https:\/\/sex-treffen.com\/hausfrauen\/einsame\/\">Einsame Weiber<\/a><\/li>\n\n\n\n<li><a href=\"https:\/\/sex-treffen.com\/hausfrauen\/gelangweilte\/\">Gelangweilte Hausfrauen<\/a><\/li>\n<\/ul>\n<\/div>\n\n\n\n<div class=\"wp-block-column is-layout-flow wp-block-column-is-layout-flow\">\n<ul class=\"wp-block-list\">\n<li><a href=\"https:\/\/sex-treffen.com\/hausfrauen\/oma\/\">Omas und Gro\u00dfm\u00fctter<\/a><\/li>\n\n\n\n<li><a href=\"https:\/\/sex-treffen.com\/hausfrauen\/milf\/\">Unterv\u00f6gelte Milfs<\/a><\/li>\n\n\n\n<li><a href=\"https:\/\/sex-treffen.com\/hausfrauen\/verheiratete\/\">Verheiratete Frauen<\/a><\/li>\n<\/ul>\n<\/div>\n<\/div>\n","protected":false},"excerpt":{"rendered":"<p>Finde geile Hausfrauen nach Alter von jung bis alt. Private Sexkontakte zu jungen M\u00fcttern oder zu reifen Weibern und alten Omas mit Tagesfreizeit. Sehe dir Inserate in der Altersgruppe oder nach der Eigenschaft an, die du bevorzugst.<\/p>\n","protected":false},"author":1,"featured_media":0,"parent":0,"menu_order":0,"comment_status":"closed","ping_status":"closed","template":"","meta":{"neve_meta_sidebar":"","neve_meta_container":"","neve_meta_enable_content_width":"","neve_meta_content_width":0,"neve_meta_title_alignment":"","neve_meta_author_avatar":"","neve_post_elements_order":"","neve_meta_disable_header":"","neve_meta_disable_footer":"","neve_meta_disable_title":"","neve_meta_reading_time":"","jetpack_post_was_ever_published":false,"footnotes":""},"class_list":["post-6765","page","type-page","status-publish","hentry"],"yoast_head":"<!-- This site is optimized with the Yoast SEO plugin v26.8 - https:\/\/yoast.com\/product\/yoast-seo-wordpress\/ -->\n<title>Geile Hausfrauen und M\u00fctter nach Alter oder Eigenschaft finden<\/title>\n<meta name=\"description\" content=\"Finde geile Hausfrauen nach Alter oder Eigenschaften f\u00fcr Sexkontakte. Junge und alleinerziehende M\u00fctter, reife Weiber mit Tagesfreizeit und sogar alte Omas.\" \/>\n<meta name=\"robots\" content=\"index, follow, max-snippet:-1, max-image-preview:large, max-video-preview:-1\" \/>\n<link rel=\"canonical\" href=\"https:\/\/sex-treffen.com\/hausfrauen\/nach-alter\/\" \/>\n<meta property=\"og:locale\" content=\"de_DE\" \/>\n<meta property=\"og:type\" content=\"article\" \/>\n<meta property=\"og:title\" content=\"Geile Hausfrauen nach Alter von jungen M\u00fcttern bis alten Omas\" \/>\n<meta property=\"og:description\" content=\"Finde geile Hausfrauen nach Alter f\u00fcr private Sexkontakte. Junge und alleinerziehende M\u00fctter, reife Weiber mit Tagesfreizeit oder alte Omas f\u00fcr Sextreffen.\" \/>\n<meta property=\"og:url\" content=\"https:\/\/sex-treffen.com\/hausfrauen\/nach-alter\/\" \/>\n<meta property=\"og:site_name\" content=\"Geile Hausfrauen\" \/>\n<meta property=\"article:modified_time\" content=\"2024-04-21T10:31:54+00:00\" \/>\n<meta name=\"twitter:card\" content=\"summary_large_image\" \/>\n<meta name=\"twitter:label1\" content=\"Gesch\u00e4tzte Lesezeit\" \/>\n\t<meta name=\"twitter:data1\" content=\"1\u00a0Minute\" \/>\n<script type=\"application\/ld+json\" class=\"yoast-schema-graph\">{\"@context\":\"https:\/\/schema.org\",\"@graph\":[{\"@type\":\"WebPage\",\"@id\":\"https:\/\/sex-treffen.com\/hausfrauen\/nach-alter\/\",\"url\":\"https:\/\/sex-treffen.com\/hausfrauen\/nach-alter\/\",\"name\":\"Geile Hausfrauen und M\u00fctter nach Alter oder Eigenschaft finden\",\"isPartOf\":{\"@id\":\"https:\/\/sex-treffen.com\/hausfrauen\/#website\"},\"datePublished\":\"2021-08-03T19:23:09+00:00\",\"dateModified\":\"2024-04-21T10:31:54+00:00\",\"description\":\"Finde geile Hausfrauen nach Alter oder Eigenschaften f\u00fcr Sexkontakte. Junge und alleinerziehende M\u00fctter, reife Weiber mit Tagesfreizeit und sogar alte Omas.\",\"breadcrumb\":{\"@id\":\"https:\/\/sex-treffen.com\/hausfrauen\/nach-alter\/#breadcrumb\"},\"inLanguage\":\"de\",\"potentialAction\":[{\"@type\":\"ReadAction\",\"target\":[\"https:\/\/sex-treffen.com\/hausfrauen\/nach-alter\/\"]}]},{\"@type\":\"BreadcrumbList\",\"@id\":\"https:\/\/sex-treffen.com\/hausfrauen\/nach-alter\/#breadcrumb\",\"itemListElement\":[{\"@type\":\"ListItem\",\"position\":1,\"name\":\"Hausfrauen\",\"item\":\"https:\/\/sex-treffen.com\/hausfrauen\/\"},{\"@type\":\"ListItem\",\"position\":2,\"name\":\"Geile Hausfrauen nach Alter\"}]},{\"@type\":\"WebSite\",\"@id\":\"https:\/\/sex-treffen.com\/hausfrauen\/#website\",\"url\":\"https:\/\/sex-treffen.com\/hausfrauen\/\",\"name\":\"Geile Hausfrauen\",\"description\":\"Einsame Weiber suchen private Kontakte f\u00fcr Sex\",\"potentialAction\":[{\"@type\":\"SearchAction\",\"target\":{\"@type\":\"EntryPoint\",\"urlTemplate\":\"https:\/\/sex-treffen.com\/hausfrauen\/?s={search_term_string}\"},\"query-input\":{\"@type\":\"PropertyValueSpecification\",\"valueRequired\":true,\"valueName\":\"search_term_string\"}}],\"inLanguage\":\"de\"}]}<\/script>\n<!-- \/ Yoast SEO plugin. -->","yoast_head_json":{"title":"Geile Hausfrauen und M\u00fctter nach Alter oder Eigenschaft finden","description":"Finde geile Hausfrauen nach Alter oder Eigenschaften f\u00fcr Sexkontakte. Junge und alleinerziehende M\u00fctter, reife Weiber mit Tagesfreizeit und sogar alte Omas.","robots":{"index":"index","follow":"follow","max-snippet":"max-snippet:-1","max-image-preview":"max-image-preview:large","max-video-preview":"max-video-preview:-1"},"canonical":"https:\/\/sex-treffen.com\/hausfrauen\/nach-alter\/","og_locale":"de_DE","og_type":"article","og_title":"Geile Hausfrauen nach Alter von jungen M\u00fcttern bis alten Omas","og_description":"Finde geile Hausfrauen nach Alter f\u00fcr private Sexkontakte. Junge und alleinerziehende M\u00fctter, reife Weiber mit Tagesfreizeit oder alte Omas f\u00fcr Sextreffen.","og_url":"https:\/\/sex-treffen.com\/hausfrauen\/nach-alter\/","og_site_name":"Geile Hausfrauen","article_modified_time":"2024-04-21T10:31:54+00:00","twitter_card":"summary_large_image","twitter_misc":{"Gesch\u00e4tzte Lesezeit":"1\u00a0Minute"},"schema":{"@context":"https:\/\/schema.org","@graph":[{"@type":"WebPage","@id":"https:\/\/sex-treffen.com\/hausfrauen\/nach-alter\/","url":"https:\/\/sex-treffen.com\/hausfrauen\/nach-alter\/","name":"Geile Hausfrauen und M\u00fctter nach Alter oder Eigenschaft finden","isPartOf":{"@id":"https:\/\/sex-treffen.com\/hausfrauen\/#website"},"datePublished":"2021-08-03T19:23:09+00:00","dateModified":"2024-04-21T10:31:54+00:00","description":"Finde geile Hausfrauen nach Alter oder Eigenschaften f\u00fcr Sexkontakte. Junge und alleinerziehende M\u00fctter, reife Weiber mit Tagesfreizeit und sogar alte Omas.","breadcrumb":{"@id":"https:\/\/sex-treffen.com\/hausfrauen\/nach-alter\/#breadcrumb"},"inLanguage":"de","potentialAction":[{"@type":"ReadAction","target":["https:\/\/sex-treffen.com\/hausfrauen\/nach-alter\/"]}]},{"@type":"BreadcrumbList","@id":"https:\/\/sex-treffen.com\/hausfrauen\/nach-alter\/#breadcrumb","itemListElement":[{"@type":"ListItem","position":1,"name":"Hausfrauen","item":"https:\/\/sex-treffen.com\/hausfrauen\/"},{"@type":"ListItem","position":2,"name":"Geile Hausfrauen nach Alter"}]},{"@type":"WebSite","@id":"https:\/\/sex-treffen.com\/hausfrauen\/#website","url":"https:\/\/sex-treffen.com\/hausfrauen\/","name":"Geile Hausfrauen","description":"Einsame Weiber suchen private Kontakte f\u00fcr Sex","potentialAction":[{"@type":"SearchAction","target":{"@type":"EntryPoint","urlTemplate":"https:\/\/sex-treffen.com\/hausfrauen\/?s={search_term_string}"},"query-input":{"@type":"PropertyValueSpecification","valueRequired":true,"valueName":"search_term_string"}}],"inLanguage":"de"}]}},"jetpack_shortlink":"https:\/\/wp.me\/P5lkd8-1L7","jetpack_sharing_enabled":false,"_links":{"self":[{"href":"https:\/\/sex-treffen.com\/hausfrauen\/wp-json\/wp\/v2\/pages\/6765","targetHints":{"allow":["GET"]}}],"collection":[{"href":"https:\/\/sex-treffen.com\/hausfrauen\/wp-json\/wp\/v2\/pages"}],"about":[{"href":"https:\/\/sex-treffen.com\/hausfrauen\/wp-json\/wp\/v2\/types\/page"}],"author":[{"embeddable":true,"href":"https:\/\/sex-treffen.com\/hausfrauen\/wp-json\/wp\/v2\/users\/1"}],"replies":[{"embeddable":true,"href":"https:\/\/sex-treffen.com\/hausfrauen\/wp-json\/wp\/v2\/comments?post=6765"}],"version-history":[{"count":17,"href":"https:\/\/sex-treffen.com\/hausfrauen\/wp-json\/wp\/v2\/pages\/6765\/revisions"}],"predecessor-version":[{"id":13893,"href":"https:\/\/sex-treffen.com\/hausfrauen\/wp-json\/wp\/v2\/pages\/6765\/revisions\/13893"}],"wp:attachment":[{"href":"https:\/\/sex-treffen.com\/hausfrauen\/wp-json\/wp\/v2\/media?parent=6765"}],"curies":[{"name":"wp","href":"https:\/\/api.w.org\/{rel}","templated":true}]}}