{"id":6750,"date":"2021-08-03T21:22:41","date_gmt":"2021-08-03T19:22:41","guid":{"rendered":"https:\/\/sex-treffen.com\/hausfrauen\/?page_id=6750"},"modified":"2021-08-03T21:22:43","modified_gmt":"2021-08-03T19:22:43","slug":"region","status":"publish","type":"page","link":"https:\/\/sex-treffen.com\/hausfrauen\/region\/","title":{"rendered":"Geile Hausfrauen aus der Region"},"content":{"rendered":"\n<p>Finde geile Hausfrauen Sexkontakte in deiner N\u00e4he. W\u00e4hle das Bundesland aus, um dir Kontaktanzeigen von jungen M\u00fcttern, Milfs oder alten Weibern aus der Region anzusehen. Treffe dich einfach mit einer Hausfrau in deiner Umgebung!<\/p>\n\n\n\n<div class=\"wp-block-columns is-layout-flex wp-container-core-columns-is-layout-9d6595d7 wp-block-columns-is-layout-flex\">\n<div class=\"wp-block-column is-layout-flow wp-block-column-is-layout-flow\">\n<p><ul class=\"wp-block-categories-list wp-block-categories\">\n<li class=\"cat-item cat-item-33\"><a href=\"https:\/\/sex-treffen.com\/hausfrauen\/baden-wuerttemberg\/\">Baden-W\u00fcrttemberg<\/a>\n<\/li>\n<li class=\"cat-item cat-item-55\"><a href=\"https:\/\/sex-treffen.com\/hausfrauen\/bayern\/\">Bayern<\/a>\n<\/li>\n<li class=\"cat-item cat-item-38\"><a href=\"https:\/\/sex-treffen.com\/hausfrauen\/berlin\/\">Berlin<\/a>\n<\/li>\n<li class=\"cat-item cat-item-56\"><a href=\"https:\/\/sex-treffen.com\/hausfrauen\/brandenburg\/\">Brandenburg<\/a>\n<\/li>\n<li class=\"cat-item cat-item-156\"><a href=\"https:\/\/sex-treffen.com\/hausfrauen\/bremen\/\">Bremen<\/a>\n<\/li>\n<li class=\"cat-item cat-item-50\"><a href=\"https:\/\/sex-treffen.com\/hausfrauen\/hamburg\/\">Hamburg<\/a>\n<\/li>\n<li class=\"cat-item cat-item-25\"><a href=\"https:\/\/sex-treffen.com\/hausfrauen\/hessen\/\">Hessen<\/a>\n<\/li>\n<li class=\"cat-item cat-item-66\"><a href=\"https:\/\/sex-treffen.com\/hausfrauen\/mecklenburg-vorpommern\/\">Mecklenburg-Vorpommern<\/a>\n<\/li>\n<li class=\"cat-item cat-item-66\"><a href=\"https:\/\/sex-treffen.com\/hausfrauen\/oesterreich\/\">\u00d6sterreich<\/a>\n<\/li><\/ul><\/p>\n<\/div>\n\n\n\n<div class=\"wp-block-column is-layout-flow wp-block-column-is-layout-flow\">\n<p><ul class=\"wp-block-categories-list wp-block-categories\">\n<li class=\"cat-item cat-item-63\"><a href=\"https:\/\/sex-treffen.com\/hausfrauen\/niedersachsen\/\">Niedersachsen<\/a>\n<\/li>\n<li class=\"cat-item cat-item-21\"><a href=\"https:\/\/sex-treffen.com\/hausfrauen\/nordrhein-westfalen\/\">Nordrhein-Westfalen<\/a>\n<\/li>\n<li class=\"cat-item cat-item-60\"><a href=\"https:\/\/sex-treffen.com\/hausfrauen\/rheinland-pfalz\/\">Rheinland-Pfalz<\/a>\n<\/li>\n<li class=\"cat-item cat-item-13\"><a href=\"https:\/\/sex-treffen.com\/hausfrauen\/saarland\/\">Saarland<\/a>\n<\/li>\n<li class=\"cat-item cat-item-70\"><a href=\"https:\/\/sex-treffen.com\/hausfrauen\/sachsen\/\">Sachsen<\/a>\n<\/li>\n<li class=\"cat-item cat-item-76\"><a href=\"https:\/\/sex-treffen.com\/hausfrauen\/sachsen-anhalt\/\">Sachsen-Anhalt<\/a>\n<\/li>\n<li class=\"cat-item cat-item-73\"><a href=\"https:\/\/sex-treffen.com\/hausfrauen\/schleswig-holstein\/\">Schleswig-Holstein<\/a>\n<\/li>\n<li class=\"cat-item cat-item-6\"><a href=\"https:\/\/sex-treffen.com\/hausfrauen\/thueringen\/\">Th\u00fcringen<\/a>\n<\/li>\n<li class=\"cat-item cat-item-66\"><a href=\"https:\/\/sex-treffen.com\/hausfrauen\/schweiz\/\">Schweiz<\/a>\n<\/li>\n<\/ul><\/p>\n<\/div>\n<\/div>\n","protected":false},"excerpt":{"rendered":"<p>Finde geile Hausfrauen Sexkontakte in deiner N\u00e4he. W\u00e4hle das Bundesland aus, um dir Kontaktanzeigen von jungen M\u00fcttern, Milfs oder alten Weibern aus der Region anzusehen. Treffe dich einfach mit einer Hausfrau in deiner Umgebung! Baden-W\u00fcrttemberg Bayern Berlin Brandenburg Bremen Hamburg Hessen Mecklenburg-Vorpommern \u00d6sterreich Niedersachsen Nordrhein-Westfalen Rheinland-Pfalz Saarland Sachsen Sachsen-Anhalt Schleswig-Holstein Th\u00fcringen Schweiz<\/p>\n","protected":false},"author":1,"featured_media":0,"parent":0,"menu_order":0,"comment_status":"closed","ping_status":"closed","template":"","meta":{"neve_meta_sidebar":"","neve_meta_container":"","neve_meta_enable_content_width":"","neve_meta_content_width":0,"neve_meta_title_alignment":"","neve_meta_author_avatar":"","neve_post_elements_order":"","neve_meta_disable_header":"","neve_meta_disable_footer":"","neve_meta_disable_title":"","neve_meta_reading_time":"","jetpack_post_was_ever_published":false,"footnotes":""},"class_list":["post-6750","page","type-page","status-publish","hentry"],"yoast_head":"<!-- This site is optimized with the Yoast SEO plugin v26.8 - https:\/\/yoast.com\/product\/yoast-seo-wordpress\/ -->\n<title>Geile Hausfrauen f\u00fcr Sexkontakte aus deiner Region finden<\/title>\n<meta name=\"description\" content=\"Finde geile Hausfrauen Sexkontakte in deiner N\u00e4he. Sehe dir Kontaktanzeigen von jungen M\u00fcttern, Milfs oder alten Weibern zum Treffen in deiner Region an.\" \/>\n<meta name=\"robots\" content=\"index, follow, max-snippet:-1, max-image-preview:large, max-video-preview:-1\" \/>\n<link rel=\"canonical\" href=\"https:\/\/sex-treffen.com\/hausfrauen\/region\/\" \/>\n<meta property=\"og:locale\" content=\"de_DE\" \/>\n<meta property=\"og:type\" content=\"article\" \/>\n<meta property=\"og:title\" content=\"Geile Hausfrauen f\u00fcr Sexkontakte aus deiner Region finden\" \/>\n<meta property=\"og:description\" content=\"Finde geile Hausfrauen Sexkontakte in deiner N\u00e4he. Sehe dir Kontaktanzeigen von jungen M\u00fcttern, Milfs oder alten Weibern zum Treffen in deiner Region an.\" \/>\n<meta property=\"og:url\" content=\"https:\/\/sex-treffen.com\/hausfrauen\/region\/\" \/>\n<meta property=\"og:site_name\" content=\"Geile Hausfrauen\" \/>\n<meta property=\"article:modified_time\" content=\"2021-08-03T19:22:43+00:00\" \/>\n<meta name=\"twitter:card\" content=\"summary_large_image\" \/>\n<meta name=\"twitter:label1\" content=\"Gesch\u00e4tzte Lesezeit\" \/>\n\t<meta name=\"twitter:data1\" content=\"1\u00a0Minute\" \/>\n<script type=\"application\/ld+json\" class=\"yoast-schema-graph\">{\"@context\":\"https:\/\/schema.org\",\"@graph\":[{\"@type\":\"WebPage\",\"@id\":\"https:\/\/sex-treffen.com\/hausfrauen\/region\/\",\"url\":\"https:\/\/sex-treffen.com\/hausfrauen\/region\/\",\"name\":\"Geile Hausfrauen f\u00fcr Sexkontakte aus deiner Region finden\",\"isPartOf\":{\"@id\":\"https:\/\/sex-treffen.com\/hausfrauen\/#website\"},\"datePublished\":\"2021-08-03T19:22:41+00:00\",\"dateModified\":\"2021-08-03T19:22:43+00:00\",\"description\":\"Finde geile Hausfrauen Sexkontakte in deiner N\u00e4he. Sehe dir Kontaktanzeigen von jungen M\u00fcttern, Milfs oder alten Weibern zum Treffen in deiner Region an.\",\"breadcrumb\":{\"@id\":\"https:\/\/sex-treffen.com\/hausfrauen\/region\/#breadcrumb\"},\"inLanguage\":\"de\",\"potentialAction\":[{\"@type\":\"ReadAction\",\"target\":[\"https:\/\/sex-treffen.com\/hausfrauen\/region\/\"]}]},{\"@type\":\"BreadcrumbList\",\"@id\":\"https:\/\/sex-treffen.com\/hausfrauen\/region\/#breadcrumb\",\"itemListElement\":[{\"@type\":\"ListItem\",\"position\":1,\"name\":\"Hausfrauen\",\"item\":\"https:\/\/sex-treffen.com\/hausfrauen\/\"},{\"@type\":\"ListItem\",\"position\":2,\"name\":\"Geile Hausfrauen aus der Region\"}]},{\"@type\":\"WebSite\",\"@id\":\"https:\/\/sex-treffen.com\/hausfrauen\/#website\",\"url\":\"https:\/\/sex-treffen.com\/hausfrauen\/\",\"name\":\"Geile Hausfrauen\",\"description\":\"Einsame Weiber suchen private Kontakte f\u00fcr Sex\",\"potentialAction\":[{\"@type\":\"SearchAction\",\"target\":{\"@type\":\"EntryPoint\",\"urlTemplate\":\"https:\/\/sex-treffen.com\/hausfrauen\/?s={search_term_string}\"},\"query-input\":{\"@type\":\"PropertyValueSpecification\",\"valueRequired\":true,\"valueName\":\"search_term_string\"}}],\"inLanguage\":\"de\"}]}<\/script>\n<!-- \/ Yoast SEO plugin. -->","yoast_head_json":{"title":"Geile Hausfrauen f\u00fcr Sexkontakte aus deiner Region finden","description":"Finde geile Hausfrauen Sexkontakte in deiner N\u00e4he. Sehe dir Kontaktanzeigen von jungen M\u00fcttern, Milfs oder alten Weibern zum Treffen in deiner Region an.","robots":{"index":"index","follow":"follow","max-snippet":"max-snippet:-1","max-image-preview":"max-image-preview:large","max-video-preview":"max-video-preview:-1"},"canonical":"https:\/\/sex-treffen.com\/hausfrauen\/region\/","og_locale":"de_DE","og_type":"article","og_title":"Geile Hausfrauen f\u00fcr Sexkontakte aus deiner Region finden","og_description":"Finde geile Hausfrauen Sexkontakte in deiner N\u00e4he. Sehe dir Kontaktanzeigen von jungen M\u00fcttern, Milfs oder alten Weibern zum Treffen in deiner Region an.","og_url":"https:\/\/sex-treffen.com\/hausfrauen\/region\/","og_site_name":"Geile Hausfrauen","article_modified_time":"2021-08-03T19:22:43+00:00","twitter_card":"summary_large_image","twitter_misc":{"Gesch\u00e4tzte Lesezeit":"1\u00a0Minute"},"schema":{"@context":"https:\/\/schema.org","@graph":[{"@type":"WebPage","@id":"https:\/\/sex-treffen.com\/hausfrauen\/region\/","url":"https:\/\/sex-treffen.com\/hausfrauen\/region\/","name":"Geile Hausfrauen f\u00fcr Sexkontakte aus deiner Region finden","isPartOf":{"@id":"https:\/\/sex-treffen.com\/hausfrauen\/#website"},"datePublished":"2021-08-03T19:22:41+00:00","dateModified":"2021-08-03T19:22:43+00:00","description":"Finde geile Hausfrauen Sexkontakte in deiner N\u00e4he. Sehe dir Kontaktanzeigen von jungen M\u00fcttern, Milfs oder alten Weibern zum Treffen in deiner Region an.","breadcrumb":{"@id":"https:\/\/sex-treffen.com\/hausfrauen\/region\/#breadcrumb"},"inLanguage":"de","potentialAction":[{"@type":"ReadAction","target":["https:\/\/sex-treffen.com\/hausfrauen\/region\/"]}]},{"@type":"BreadcrumbList","@id":"https:\/\/sex-treffen.com\/hausfrauen\/region\/#breadcrumb","itemListElement":[{"@type":"ListItem","position":1,"name":"Hausfrauen","item":"https:\/\/sex-treffen.com\/hausfrauen\/"},{"@type":"ListItem","position":2,"name":"Geile Hausfrauen aus der Region"}]},{"@type":"WebSite","@id":"https:\/\/sex-treffen.com\/hausfrauen\/#website","url":"https:\/\/sex-treffen.com\/hausfrauen\/","name":"Geile Hausfrauen","description":"Einsame Weiber suchen private Kontakte f\u00fcr Sex","potentialAction":[{"@type":"SearchAction","target":{"@type":"EntryPoint","urlTemplate":"https:\/\/sex-treffen.com\/hausfrauen\/?s={search_term_string}"},"query-input":{"@type":"PropertyValueSpecification","valueRequired":true,"valueName":"search_term_string"}}],"inLanguage":"de"}]}},"jetpack_shortlink":"https:\/\/wp.me\/P5lkd8-1KS","jetpack_sharing_enabled":false,"_links":{"self":[{"href":"https:\/\/sex-treffen.com\/hausfrauen\/wp-json\/wp\/v2\/pages\/6750","targetHints":{"allow":["GET"]}}],"collection":[{"href":"https:\/\/sex-treffen.com\/hausfrauen\/wp-json\/wp\/v2\/pages"}],"about":[{"href":"https:\/\/sex-treffen.com\/hausfrauen\/wp-json\/wp\/v2\/types\/page"}],"author":[{"embeddable":true,"href":"https:\/\/sex-treffen.com\/hausfrauen\/wp-json\/wp\/v2\/users\/1"}],"replies":[{"embeddable":true,"href":"https:\/\/sex-treffen.com\/hausfrauen\/wp-json\/wp\/v2\/comments?post=6750"}],"version-history":[{"count":16,"href":"https:\/\/sex-treffen.com\/hausfrauen\/wp-json\/wp\/v2\/pages\/6750\/revisions"}],"predecessor-version":[{"id":6812,"href":"https:\/\/sex-treffen.com\/hausfrauen\/wp-json\/wp\/v2\/pages\/6750\/revisions\/6812"}],"wp:attachment":[{"href":"https:\/\/sex-treffen.com\/hausfrauen\/wp-json\/wp\/v2\/media?parent=6750"}],"curies":[{"name":"wp","href":"https:\/\/api.w.org\/{rel}","templated":true}]}}