{"id":12057,"date":"2024-04-18T17:41:47","date_gmt":"2024-04-18T15:41:47","guid":{"rendered":"https:\/\/sex-treffen.com\/hausfrauen\/?page_id=12057"},"modified":"2024-05-02T12:16:44","modified_gmt":"2024-05-02T10:16:44","slug":"profil","status":"publish","type":"page","link":"https:\/\/sex-treffen.com\/hausfrauen\/profil\/","title":{"rendered":"Du bist nicht eingeloggt"},"content":{"rendered":"\n<p>Logge dich jetzt ein oder registriere dich jetzt kostenlos mit deiner E-Mail-Adresse. W\u00e4hle im n\u00e4chsten Schritt ein Passwort aus und best\u00e4tige dein ausgew\u00e4hltes Passwort anschlie\u00dfend, indem du auf \u25b6\ufe0f Weiter! klickst.<\/p>\n\n\n\n<!-- iframe plugin v.6.0 wordpress.org\/plugins\/iframe\/ -->\n<iframe loading=\"lazy\" title=\"profil\" src=\"https:\/\/sex-treffen.com\/nachrichten\/profil2.php\" width=\"100%\" height=\"260\" scrolling=\"yes\" class=\"iframe-class\" frameborder=\"0\"><\/iframe>\n\n\n\n\n<p>Um auf dieses Inserat zu antworten, kannst du dich <a href=\"https:\/\/www.big7.com\/anmeldung.html?wmb=3564&amp;wms=23\" target=\"_blank\" rel=\"noreferrer noopener nofollow\">hier einloggen<\/a> oder einfach mit deiner E-Mail-Adresse registrieren, falls du noch kein Benutzerkonto hast.<\/p>\n","protected":false},"excerpt":{"rendered":"<p>Logge dich jetzt ein oder registriere dich jetzt kostenlos mit deiner E-Mail-Adresse. W\u00e4hle im n\u00e4chsten Schritt ein Passwort aus und best\u00e4tige dein ausgew\u00e4hltes Passwort anschlie\u00dfend, indem du auf \u25b6\ufe0f Weiter! klickst. Um auf dieses Inserat zu antworten, kannst du dich hier einloggen oder einfach mit deiner E-Mail-Adresse registrieren, falls du noch kein Benutzerkonto hast.<\/p>\n","protected":false},"author":1,"featured_media":0,"parent":0,"menu_order":0,"comment_status":"closed","ping_status":"closed","template":"","meta":{"neve_meta_sidebar":"","neve_meta_container":"","neve_meta_enable_content_width":"","neve_meta_content_width":0,"neve_meta_title_alignment":"","neve_meta_author_avatar":"","neve_post_elements_order":"","neve_meta_disable_header":"","neve_meta_disable_footer":"","neve_meta_disable_title":"","neve_meta_reading_time":"","jetpack_post_was_ever_published":false,"footnotes":""},"class_list":["post-12057","page","type-page","status-publish","hentry"],"yoast_head":"<!-- This site is optimized with the Yoast SEO plugin v26.8 - https:\/\/yoast.com\/product\/yoast-seo-wordpress\/ -->\n<title>Du bist nicht eingeloggt<\/title>\n<meta name=\"robots\" content=\"noindex, follow\" \/>\n<meta property=\"og:locale\" content=\"de_DE\" \/>\n<meta property=\"og:type\" content=\"article\" \/>\n<meta property=\"og:title\" content=\"Du bist nicht eingeloggt\" \/>\n<meta property=\"og:description\" content=\"Logge dich jetzt ein oder registriere dich jetzt kostenlos mit deiner E-Mail-Adresse. W\u00e4hle im n\u00e4chsten Schritt ein Passwort aus und best\u00e4tige dein ausgew\u00e4hltes Passwort anschlie\u00dfend, indem du auf \u25b6\ufe0f Weiter! klickst. Um auf dieses Inserat zu antworten, kannst du dich hier einloggen oder einfach mit deiner E-Mail-Adresse registrieren, falls du noch kein Benutzerkonto hast.\" \/>\n<meta property=\"og:url\" content=\"https:\/\/sex-treffen.com\/hausfrauen\/profil\/\" \/>\n<meta property=\"og:site_name\" content=\"Geile Hausfrauen\" \/>\n<meta property=\"article:modified_time\" content=\"2024-05-02T10:16:44+00:00\" \/>\n<meta name=\"twitter:card\" content=\"summary_large_image\" \/>\n<meta name=\"twitter:label1\" content=\"Gesch\u00e4tzte Lesezeit\" \/>\n\t<meta name=\"twitter:data1\" content=\"1\u00a0Minute\" \/>\n<script type=\"application\/ld+json\" class=\"yoast-schema-graph\">{\"@context\":\"https:\/\/schema.org\",\"@graph\":[{\"@type\":\"WebPage\",\"@id\":\"https:\/\/sex-treffen.com\/hausfrauen\/profil\/\",\"url\":\"https:\/\/sex-treffen.com\/hausfrauen\/profil\/\",\"name\":\"Du bist nicht eingeloggt\",\"isPartOf\":{\"@id\":\"https:\/\/sex-treffen.com\/hausfrauen\/#website\"},\"datePublished\":\"2024-04-18T15:41:47+00:00\",\"dateModified\":\"2024-05-02T10:16:44+00:00\",\"breadcrumb\":{\"@id\":\"https:\/\/sex-treffen.com\/hausfrauen\/profil\/#breadcrumb\"},\"inLanguage\":\"de\",\"potentialAction\":[{\"@type\":\"ReadAction\",\"target\":[\"https:\/\/sex-treffen.com\/hausfrauen\/profil\/\"]}]},{\"@type\":\"BreadcrumbList\",\"@id\":\"https:\/\/sex-treffen.com\/hausfrauen\/profil\/#breadcrumb\",\"itemListElement\":[{\"@type\":\"ListItem\",\"position\":1,\"name\":\"Hausfrauen\",\"item\":\"https:\/\/sex-treffen.com\/hausfrauen\/\"},{\"@type\":\"ListItem\",\"position\":2,\"name\":\"Du bist nicht eingeloggt\"}]},{\"@type\":\"WebSite\",\"@id\":\"https:\/\/sex-treffen.com\/hausfrauen\/#website\",\"url\":\"https:\/\/sex-treffen.com\/hausfrauen\/\",\"name\":\"Geile Hausfrauen\",\"description\":\"Einsame Weiber suchen private Kontakte f\u00fcr Sex\",\"potentialAction\":[{\"@type\":\"SearchAction\",\"target\":{\"@type\":\"EntryPoint\",\"urlTemplate\":\"https:\/\/sex-treffen.com\/hausfrauen\/?s={search_term_string}\"},\"query-input\":{\"@type\":\"PropertyValueSpecification\",\"valueRequired\":true,\"valueName\":\"search_term_string\"}}],\"inLanguage\":\"de\"}]}<\/script>\n<!-- \/ Yoast SEO plugin. -->","yoast_head_json":{"title":"Du bist nicht eingeloggt","robots":{"index":"noindex","follow":"follow"},"og_locale":"de_DE","og_type":"article","og_title":"Du bist nicht eingeloggt","og_description":"Logge dich jetzt ein oder registriere dich jetzt kostenlos mit deiner E-Mail-Adresse. W\u00e4hle im n\u00e4chsten Schritt ein Passwort aus und best\u00e4tige dein ausgew\u00e4hltes Passwort anschlie\u00dfend, indem du auf \u25b6\ufe0f Weiter! klickst. Um auf dieses Inserat zu antworten, kannst du dich hier einloggen oder einfach mit deiner E-Mail-Adresse registrieren, falls du noch kein Benutzerkonto hast.","og_url":"https:\/\/sex-treffen.com\/hausfrauen\/profil\/","og_site_name":"Geile Hausfrauen","article_modified_time":"2024-05-02T10:16:44+00:00","twitter_card":"summary_large_image","twitter_misc":{"Gesch\u00e4tzte Lesezeit":"1\u00a0Minute"},"schema":{"@context":"https:\/\/schema.org","@graph":[{"@type":"WebPage","@id":"https:\/\/sex-treffen.com\/hausfrauen\/profil\/","url":"https:\/\/sex-treffen.com\/hausfrauen\/profil\/","name":"Du bist nicht eingeloggt","isPartOf":{"@id":"https:\/\/sex-treffen.com\/hausfrauen\/#website"},"datePublished":"2024-04-18T15:41:47+00:00","dateModified":"2024-05-02T10:16:44+00:00","breadcrumb":{"@id":"https:\/\/sex-treffen.com\/hausfrauen\/profil\/#breadcrumb"},"inLanguage":"de","potentialAction":[{"@type":"ReadAction","target":["https:\/\/sex-treffen.com\/hausfrauen\/profil\/"]}]},{"@type":"BreadcrumbList","@id":"https:\/\/sex-treffen.com\/hausfrauen\/profil\/#breadcrumb","itemListElement":[{"@type":"ListItem","position":1,"name":"Hausfrauen","item":"https:\/\/sex-treffen.com\/hausfrauen\/"},{"@type":"ListItem","position":2,"name":"Du bist nicht eingeloggt"}]},{"@type":"WebSite","@id":"https:\/\/sex-treffen.com\/hausfrauen\/#website","url":"https:\/\/sex-treffen.com\/hausfrauen\/","name":"Geile Hausfrauen","description":"Einsame Weiber suchen private Kontakte f\u00fcr Sex","potentialAction":[{"@type":"SearchAction","target":{"@type":"EntryPoint","urlTemplate":"https:\/\/sex-treffen.com\/hausfrauen\/?s={search_term_string}"},"query-input":{"@type":"PropertyValueSpecification","valueRequired":true,"valueName":"search_term_string"}}],"inLanguage":"de"}]}},"jetpack_shortlink":"https:\/\/wp.me\/P5lkd8-38t","jetpack_sharing_enabled":true,"_links":{"self":[{"href":"https:\/\/sex-treffen.com\/hausfrauen\/wp-json\/wp\/v2\/pages\/12057","targetHints":{"allow":["GET"]}}],"collection":[{"href":"https:\/\/sex-treffen.com\/hausfrauen\/wp-json\/wp\/v2\/pages"}],"about":[{"href":"https:\/\/sex-treffen.com\/hausfrauen\/wp-json\/wp\/v2\/types\/page"}],"author":[{"embeddable":true,"href":"https:\/\/sex-treffen.com\/hausfrauen\/wp-json\/wp\/v2\/users\/1"}],"replies":[{"embeddable":true,"href":"https:\/\/sex-treffen.com\/hausfrauen\/wp-json\/wp\/v2\/comments?post=12057"}],"version-history":[{"count":3,"href":"https:\/\/sex-treffen.com\/hausfrauen\/wp-json\/wp\/v2\/pages\/12057\/revisions"}],"predecessor-version":[{"id":13922,"href":"https:\/\/sex-treffen.com\/hausfrauen\/wp-json\/wp\/v2\/pages\/12057\/revisions\/13922"}],"wp:attachment":[{"href":"https:\/\/sex-treffen.com\/hausfrauen\/wp-json\/wp\/v2\/media?parent=12057"}],"curies":[{"name":"wp","href":"https:\/\/api.w.org\/{rel}","templated":true}]}}